{"id":363,"date":"2017-11-18T23:49:17","date_gmt":"2017-11-18T21:49:17","guid":{"rendered":"http:\/\/alt-treptow.xn--sozialbndnis-jlb.de\/?page_id=363"},"modified":"2017-11-19T00:10:55","modified_gmt":"2017-11-18T22:10:55","slug":"orte-der-verdraengung-in-alt-treptow","status":"publish","type":"page","link":"http:\/\/alt-treptow.xn--sozialbndnis-jlb.de\/?page_id=363","title":{"rendered":"Orte der Verdr\u00e4ngung in Alt-Treptow"},"content":{"rendered":"<p><img loading=\"lazy\" decoding=\"async\" class=\"alignnone size-full wp-image-362\" src=\"http:\/\/alt-treptow.xn--sozialbndnis-jlb.de\/wp-content\/uploads\/2017\/11\/Wildenbruch-Str-46b.jpg\" alt=\"\" width=\"1280\" height=\"857\" srcset=\"http:\/\/alt-treptow.xn--sozialbndnis-jlb.de\/wp-content\/uploads\/2017\/11\/Wildenbruch-Str-46b.jpg 1280w, http:\/\/alt-treptow.xn--sozialbndnis-jlb.de\/wp-content\/uploads\/2017\/11\/Wildenbruch-Str-46b-300x201.jpg 300w, http:\/\/alt-treptow.xn--sozialbndnis-jlb.de\/wp-content\/uploads\/2017\/11\/Wildenbruch-Str-46b-768x514.jpg 768w, http:\/\/alt-treptow.xn--sozialbndnis-jlb.de\/wp-content\/uploads\/2017\/11\/Wildenbruch-Str-46b-1024x686.jpg 1024w\" sizes=\"auto, (max-width: 709px) 85vw, (max-width: 909px) 67vw, (max-width: 1362px) 62vw, 840px\" \/><\/p>\n<p>Wildenbruchstr.\/Ecke Kiefholzstr. nebenan in der Kiefholzstr. 25 werden Netto-Kalt-Mieten von 15 \u20ac erwartet.<\/p>\n<p><img loading=\"lazy\" decoding=\"async\" class=\"alignnone size-full wp-image-361\" src=\"http:\/\/alt-treptow.xn--sozialbndnis-jlb.de\/wp-content\/uploads\/2017\/11\/Schmoller-Lexis-Grabow-Str.jpg\" alt=\"\" width=\"1280\" height=\"1912\" srcset=\"http:\/\/alt-treptow.xn--sozialbndnis-jlb.de\/wp-content\/uploads\/2017\/11\/Schmoller-Lexis-Grabow-Str.jpg 1280w, http:\/\/alt-treptow.xn--sozialbndnis-jlb.de\/wp-content\/uploads\/2017\/11\/Schmoller-Lexis-Grabow-Str-201x300.jpg 201w, http:\/\/alt-treptow.xn--sozialbndnis-jlb.de\/wp-content\/uploads\/2017\/11\/Schmoller-Lexis-Grabow-Str-768x1147.jpg 768w, http:\/\/alt-treptow.xn--sozialbndnis-jlb.de\/wp-content\/uploads\/2017\/11\/Schmoller-Lexis-Grabow-Str-686x1024.jpg 686w\" sizes=\"auto, (max-width: 709px) 85vw, (max-width: 909px) 67vw, (max-width: 1362px) 62vw, 840px\" \/><\/p>\n<p>Schmollerplatz &#8211; Lexis &#8211; Grabow &#8211; Str. Der Eigent\u00fcmer versucht mit allen Mitteln, vorrangig durch Fassadend\u00e4mmung die Mieten in die H\u00f6he zu treiben. Dies bedeutet f\u00fcr die Mieter eine Erh\u00f6hung von 2 \u20ac\/qm, monatliche Mehrkosten von 100 &#8211; 130 \u20ac bei eine Wohnungsgr\u00f6\u00dfe von 50qm &#8211; 60qm.<\/p>\n<p><img loading=\"lazy\" decoding=\"async\" class=\"alignnone size-full wp-image-360\" src=\"http:\/\/alt-treptow.xn--sozialbndnis-jlb.de\/wp-content\/uploads\/2017\/11\/Kruell-Str-12.jpg\" alt=\"\" width=\"1280\" height=\"1912\" srcset=\"http:\/\/alt-treptow.xn--sozialbndnis-jlb.de\/wp-content\/uploads\/2017\/11\/Kruell-Str-12.jpg 1280w, http:\/\/alt-treptow.xn--sozialbndnis-jlb.de\/wp-content\/uploads\/2017\/11\/Kruell-Str-12-201x300.jpg 201w, http:\/\/alt-treptow.xn--sozialbndnis-jlb.de\/wp-content\/uploads\/2017\/11\/Kruell-Str-12-768x1147.jpg 768w, http:\/\/alt-treptow.xn--sozialbndnis-jlb.de\/wp-content\/uploads\/2017\/11\/Kruell-Str-12-686x1024.jpg 686w\" sizes=\"auto, (max-width: 709px) 85vw, (max-width: 909px) 67vw, (max-width: 1362px) 62vw, 840px\" \/><\/p>\n<p>Kr\u00fcllststr. 12 , ein Pardovic Haus. Der Eigent\u00fcmer hat den Mietern im Januar 2014 eine Modernisierungsank\u00fcndigung geschickt. Die Miete soll dadurch beispielsweise von 328 E warm auf 1051 \u20ac warm steigen. Die verbliebenen Mieter haben die Modernisierung abgelehnt und werden nun durch den Eigent\u00fcmer auf Duldung verklagt.<\/p>\n<p><img loading=\"lazy\" decoding=\"async\" class=\"alignnone size-full wp-image-359\" src=\"http:\/\/alt-treptow.xn--sozialbndnis-jlb.de\/wp-content\/uploads\/2017\/11\/Kiefholz-Str-25.jpg\" alt=\"\" width=\"1280\" height=\"857\" srcset=\"http:\/\/alt-treptow.xn--sozialbndnis-jlb.de\/wp-content\/uploads\/2017\/11\/Kiefholz-Str-25.jpg 1280w, http:\/\/alt-treptow.xn--sozialbndnis-jlb.de\/wp-content\/uploads\/2017\/11\/Kiefholz-Str-25-300x201.jpg 300w, http:\/\/alt-treptow.xn--sozialbndnis-jlb.de\/wp-content\/uploads\/2017\/11\/Kiefholz-Str-25-768x514.jpg 768w, http:\/\/alt-treptow.xn--sozialbndnis-jlb.de\/wp-content\/uploads\/2017\/11\/Kiefholz-Str-25-1024x686.jpg 1024w\" sizes=\"auto, (max-width: 709px) 85vw, (max-width: 909px) 67vw, (max-width: 1362px) 62vw, 840px\" \/><\/p>\n<p>Dies hier ist der Neubau in der Kiefholzstr. 25. Es werden Mieten von 15\u20ac Netto-Kalt aufgerufen.<\/p>\n<p><img loading=\"lazy\" decoding=\"async\" class=\"alignnone size-full wp-image-357\" src=\"http:\/\/alt-treptow.xn--sozialbndnis-jlb.de\/wp-content\/uploads\/2017\/11\/Karl-Kunger-Str-68.jpg\" alt=\"\" width=\"1280\" height=\"857\" srcset=\"http:\/\/alt-treptow.xn--sozialbndnis-jlb.de\/wp-content\/uploads\/2017\/11\/Karl-Kunger-Str-68.jpg 1280w, http:\/\/alt-treptow.xn--sozialbndnis-jlb.de\/wp-content\/uploads\/2017\/11\/Karl-Kunger-Str-68-300x201.jpg 300w, http:\/\/alt-treptow.xn--sozialbndnis-jlb.de\/wp-content\/uploads\/2017\/11\/Karl-Kunger-Str-68-768x514.jpg 768w, http:\/\/alt-treptow.xn--sozialbndnis-jlb.de\/wp-content\/uploads\/2017\/11\/Karl-Kunger-Str-68-1024x686.jpg 1024w\" sizes=\"auto, (max-width: 709px) 85vw, (max-width: 909px) 67vw, (max-width: 1362px) 62vw, 840px\" \/><\/p>\n<p>In der Karl-Kunger-Str. 68 wird das ehemalige Schulungszentrum der ABT zu Wohnraum umgebaut. Das Geb\u00e4ude steht sein 1,5 Jahren zu 70% leer. Die Heizkosten und die Warmwasserkosten f\u00fcr die verbliebenen Mieter haben sich betr\u00e4chtlich erh\u00f6ht. Die Heizungsstr\u00e4nge sind nicht isoliert und sind durch die leer stehenden R\u00e4ume gef\u00fchrt. Sie beheizen sie also mit. Die Kosten daf\u00fcr werden zu 70% auf die verbliebenen Mieter abgew\u00e4lzt.<\/p>\n<p><img loading=\"lazy\" decoding=\"async\" class=\"alignnone size-full wp-image-356\" src=\"http:\/\/alt-treptow.xn--sozialbndnis-jlb.de\/wp-content\/uploads\/2017\/11\/Karl-Kunger-Str-26.jpg\" alt=\"\" width=\"1280\" height=\"1912\" srcset=\"http:\/\/alt-treptow.xn--sozialbndnis-jlb.de\/wp-content\/uploads\/2017\/11\/Karl-Kunger-Str-26.jpg 1280w, http:\/\/alt-treptow.xn--sozialbndnis-jlb.de\/wp-content\/uploads\/2017\/11\/Karl-Kunger-Str-26-201x300.jpg 201w, http:\/\/alt-treptow.xn--sozialbndnis-jlb.de\/wp-content\/uploads\/2017\/11\/Karl-Kunger-Str-26-768x1147.jpg 768w, http:\/\/alt-treptow.xn--sozialbndnis-jlb.de\/wp-content\/uploads\/2017\/11\/Karl-Kunger-Str-26-686x1024.jpg 686w\" sizes=\"auto, (max-width: 709px) 85vw, (max-width: 909px) 67vw, (max-width: 1362px) 62vw, 840px\" \/><\/p>\n<p>Hier in der Karl-Kunger-Str. 26 stehen viele Wohnungen leer. Sie werden als Ferienwohnungen vermietet. Der Bezirk konnte bisher diese Zweckentfremdung nicht nachweisen und entsprechend mit Strafen t\u00e4tig werden.<\/p>\n<p><img loading=\"lazy\" decoding=\"async\" class=\"alignnone size-full wp-image-353\" src=\"http:\/\/alt-treptow.xn--sozialbndnis-jlb.de\/wp-content\/uploads\/2017\/11\/Bouche-Str-24.jpg\" alt=\"\" width=\"1280\" height=\"857\" srcset=\"http:\/\/alt-treptow.xn--sozialbndnis-jlb.de\/wp-content\/uploads\/2017\/11\/Bouche-Str-24.jpg 1280w, http:\/\/alt-treptow.xn--sozialbndnis-jlb.de\/wp-content\/uploads\/2017\/11\/Bouche-Str-24-300x201.jpg 300w, http:\/\/alt-treptow.xn--sozialbndnis-jlb.de\/wp-content\/uploads\/2017\/11\/Bouche-Str-24-768x514.jpg 768w, http:\/\/alt-treptow.xn--sozialbndnis-jlb.de\/wp-content\/uploads\/2017\/11\/Bouche-Str-24-1024x686.jpg 1024w\" sizes=\"auto, (max-width: 709px) 85vw, (max-width: 909px) 67vw, (max-width: 1362px) 62vw, 840px\" \/><\/p>\n<p><img loading=\"lazy\" decoding=\"async\" class=\"alignnone size-full wp-image-355\" src=\"http:\/\/alt-treptow.xn--sozialbndnis-jlb.de\/wp-content\/uploads\/2017\/11\/Karl-Kunger-Str-19_Bouche-Str-22-23.jpg\" alt=\"\" width=\"1280\" height=\"857\" \/><\/p>\n<p>Die H\u00e4user der Bouchestr. 22\/23 und Karl-Kunger-Str.19 wurden von Citec gekauft. Die Strategie der neuen Eingent\u00fcmergesellschaft ist bekannt. Mietertr\u00e4ge erh\u00f6hen und nach 4 &#8211; 5 Jahren wertgesteigert weiterverkaufen. Hier soll die Wertsteigerung durch Fassadend\u00e4mmung erreicht werden. Die Mieter haben ein Gutachten anfertigen lassen, dass die Fassadend\u00e4mmung 1. nicht erforderlich ist, weil die Fassade zu \u00fcber 80% in Ordnung ist. Dies kann die Grundlage f\u00fcr die Nichterteilung einer Baugenehmigung sein. Der zust\u00e4ndige Stadtrat Herr H\u00f6lmer hat sich noch nicht entsprechend des Mieterschutzes zu einer Entscheidung durchringen k\u00f6nnen.<\/p>\n<p>&nbsp;<\/p>\n<p><img loading=\"lazy\" decoding=\"async\" class=\"alignnone size-full wp-image-354\" src=\"http:\/\/alt-treptow.xn--sozialbndnis-jlb.de\/wp-content\/uploads\/2017\/11\/Jordan-Str.jpg\" alt=\"\" width=\"1280\" height=\"857\" srcset=\"http:\/\/alt-treptow.xn--sozialbndnis-jlb.de\/wp-content\/uploads\/2017\/11\/Jordan-Str.jpg 1280w, http:\/\/alt-treptow.xn--sozialbndnis-jlb.de\/wp-content\/uploads\/2017\/11\/Jordan-Str-300x201.jpg 300w, http:\/\/alt-treptow.xn--sozialbndnis-jlb.de\/wp-content\/uploads\/2017\/11\/Jordan-Str-768x514.jpg 768w, http:\/\/alt-treptow.xn--sozialbndnis-jlb.de\/wp-content\/uploads\/2017\/11\/Jordan-Str-1024x686.jpg 1024w\" sizes=\"auto, (max-width: 709px) 85vw, (max-width: 909px) 67vw, (max-width: 1362px) 62vw, 840px\" \/><\/p>\n<p>Das Fabrikeb\u00e4ude in der Jordanstr. wurde bis zu seinem Verkauf von vielen Kleingewerben und Selbstst\u00e4ndigen genutzt. Nun wurde es komplett entkernt und umgebaut. Eine vermutlich privat finanzierte Hochschule f\u00fcr Computerprogrammierung wird demn\u00e4chst den Betrieb aufnehmen.<\/p>\n","protected":false},"excerpt":{"rendered":"<p>Wildenbruchstr.\/Ecke Kiefholzstr. nebenan in der Kiefholzstr. 25 werden Netto-Kalt-Mieten von 15 \u20ac erwartet. Schmollerplatz &#8211; Lexis &#8211; Grabow &#8211; Str. Der Eigent\u00fcmer versucht mit allen Mitteln, vorrangig durch Fassadend\u00e4mmung die Mieten in die H\u00f6he zu treiben. Dies bedeutet f\u00fcr die Mieter eine Erh\u00f6hung von 2 \u20ac\/qm, monatliche Mehrkosten von 100 &#8211; 130 \u20ac bei eine &hellip; <a href=\"http:\/\/alt-treptow.xn--sozialbndnis-jlb.de\/?page_id=363\" class=\"more-link\"><span class=\"screen-reader-text\">&#8222;Orte der Verdr\u00e4ngung in Alt-Treptow&#8220; <\/span>weiterlesen<\/a><\/p>\n","protected":false},"author":4,"featured_media":0,"parent":85,"menu_order":0,"comment_status":"closed","ping_status":"closed","template":"","meta":{"footnotes":""},"class_list":["post-363","page","type-page","status-publish","hentry"],"_links":{"self":[{"href":"http:\/\/alt-treptow.xn--sozialbndnis-jlb.de\/index.php?rest_route=\/wp\/v2\/pages\/363","targetHints":{"allow":["GET"]}}],"collection":[{"href":"http:\/\/alt-treptow.xn--sozialbndnis-jlb.de\/index.php?rest_route=\/wp\/v2\/pages"}],"about":[{"href":"http:\/\/alt-treptow.xn--sozialbndnis-jlb.de\/index.php?rest_route=\/wp\/v2\/types\/page"}],"author":[{"embeddable":true,"href":"http:\/\/alt-treptow.xn--sozialbndnis-jlb.de\/index.php?rest_route=\/wp\/v2\/users\/4"}],"replies":[{"embeddable":true,"href":"http:\/\/alt-treptow.xn--sozialbndnis-jlb.de\/index.php?rest_route=%2Fwp%2Fv2%2Fcomments&post=363"}],"version-history":[{"count":1,"href":"http:\/\/alt-treptow.xn--sozialbndnis-jlb.de\/index.php?rest_route=\/wp\/v2\/pages\/363\/revisions"}],"predecessor-version":[{"id":364,"href":"http:\/\/alt-treptow.xn--sozialbndnis-jlb.de\/index.php?rest_route=\/wp\/v2\/pages\/363\/revisions\/364"}],"up":[{"embeddable":true,"href":"http:\/\/alt-treptow.xn--sozialbndnis-jlb.de\/index.php?rest_route=\/wp\/v2\/pages\/85"}],"wp:attachment":[{"href":"http:\/\/alt-treptow.xn--sozialbndnis-jlb.de\/index.php?rest_route=%2Fwp%2Fv2%2Fmedia&parent=363"}],"curies":[{"name":"wp","href":"https:\/\/api.w.org\/{rel}","templated":true}]}}