{"id":476,"date":"2019-11-22T11:52:55","date_gmt":"2019-11-22T09:52:55","guid":{"rendered":"http:\/\/alt-treptow.xn--sozialbndnis-jlb.de\/?page_id=476"},"modified":"2020-11-21T14:24:13","modified_gmt":"2020-11-21T12:24:13","slug":"links-infos","status":"publish","type":"page","link":"http:\/\/alt-treptow.xn--sozialbndnis-jlb.de\/?page_id=476","title":{"rendered":"Links + Infos"},"content":{"rendered":"\n<p><a href=\"https:\/\/www.berlin.de\/ba-treptow-koepenick\/politik-und-verwaltung\/aemter\/stadtentwicklungsamt\/stadtplanung\/artikel.531187.php\">Milieuschutz in Alt-Treptow<\/a><\/p>\n\n\n\n<p><a href=\"https:\/\/iniforum-berlin.de\/\" data-type=\"URL\" data-id=\"https:\/\/iniforum-berlin.de\/\" target=\"_blank\" rel=\"noreferrer noopener\">Initiativenforum Stadtpolitik Berlin<\/a><\/p>\n\n\n\n<p><a href=\"https:\/\/www.berlin.de\/ba-treptow-koepenick\/aktuelles\/pressemitteilungen\/2018\/pressemitteilung.717307.php\">Kostenlose Mieterberatung in Alt-Treptow<\/a>  <\/p>\n\n\n\n<p>jeden Mittwoch von 17:00 bis 19:00 Uhr in den R\u00e4umen der Galerie Kungerkiez, Karl-Kunger-Stra\u00dfe 15, 12435 Berlin <\/p>\n\n\n\n<h2 class=\"wp-block-heading\">\u00dcbersicht \u00fcber Mieterschutzvereine<\/h2>\n\n\n\n<p>Wir\n empfehlen dringend, umgehend einer Mieterschutzinstitution beizutreten.\n Dabei sollte auch die von der jeweiligen Organisation angebotene \nRechtsschutz- bzw. Prozesskostenversicherung abgeschlossen werden. Und \nzwar auch dann, wenn es noch kein Problem mit Vermieter*innen oder \nEigent\u00fcmer*innen gibt. Warum?<\/p>\n\n\n\n<ol class=\"wp-block-list\"><li>\nDer Rechtsschutz bzw. die Prozesskostenversicherung greift erst nach einer gewissen Frist (s. Spalte Wartefrist).\n<\/li><li>\nDer\n Rechtsschutz bzw. die Prozesskostenversicherung gilt nur, wenn die \nUrsache einer gerichtlichen Auseinandersetzung dann auftrat, als der \nVersicherungsschutz bereits in Kraft war\n<\/li><\/ol>\n\n\n\n<figure class=\"wp-block-table\"><table><tbody><tr><td>\n  <strong>Mieterschutz- bzw.\n  Mietervertreter*innen-Organisationen<\/strong>\n  <\/td><\/tr><tr><td>\n  Merkmal\n  <\/td><td>\n  <strong>Berliner Mieter-Gemeinschaft<\/strong>\n  <\/td><td>\n  <strong>Berliner Mieterverein<\/strong>\n  <\/td><td>\n  <strong>Mieterschutzbund Berlin<\/strong>\n  <\/td><td>\n  <strong>Mieter-schutzbund<\/strong>\n  <\/td><\/tr><tr><td>\n  Kontakt\n  <\/td><td>\n  <a href=\"https:\/\/www.bmgev.de\/\">https:\/\/www.bmgev.de\/<\/a>\n  <\/td><td>\n  <a href=\"http:\/\/www.berliner-mieterverein.de\/\">http:\/\/www.berliner-mieterverein.de\/<\/a>\n  <\/td><td>\n  <a href=\"http:\/\/www.mieterschutzbund-berlin.de\/\">http:\/\/www.mieterschutzbund-berlin.de\/<\/a>\n  <\/td><td>\n  <a href=\"http:\/\/www.mieterschutzbund.de\/\">www.mieterschutzbund.de\/<\/a>\n  <\/td><\/tr><tr><td><\/td><td><\/td><td><\/td><td><\/td><\/tr><tr><td>\n  030 \u2013 216 80 01\n  <\/td><td>\n  030 \u2013 226 260\n  <\/td><td>\n  030 \u2013 921 02 30 10\n  <\/td><td>\n  02361 \u2013 40 64 70\n  <\/td><\/tr><tr><td><\/td><td><\/td><td><\/td><td><\/td><\/tr><tr><td><\/td><td><\/td><td><\/td><td><\/td><\/tr><tr><td>\n  Jahresbeitrag (JB) privat\n  <\/td><td>\n  75 Euro\n  <\/td><td>\n  108 Euro\n  <\/td><td>\n  48 Euro (mit Rechtschutz: 95)\n  <\/td><td>\n  80 Euro\n  <\/td><\/tr><tr><td>\n  JB gewerblich\n  <\/td><td>\n  \u2013\n  <\/td><td>\n  zw. 100 \u2013 250 Euro (abh\u00e4ngig von der Jahresmiete)\n  <\/td><td>\n  100 Euro\n  <\/td><\/tr><tr><td>\n  Sozialtarif\n  <\/td><td>\n  51 Euro\n  <\/td><td>\n  54 Euro\n  <\/td><td>\n  36 Euro \n  <\/td><td>\n  \u2013\n  <\/td><\/tr><tr><td><\/td><td><\/td><td><\/td><\/tr><tr><td>\n  (Antrag &amp; Nachweis erforderlich)\n  <\/td><td>\n  (Antrag &amp; Nachweis erforderlich)\n  <\/td><td>\n  (bei Einkommen bis 800 netto\/Monat)\n  <\/td><\/tr><tr><td>\n  Aufnahme-geb\u00fchr\n  <\/td><td>\n  8 Euro (entf\u00e4llt bei Erteilung einer Einzugs-erm\u00e4chtigung)\n  <\/td><td>\n  7,50 Euro\n  <\/td><td>\n  5 Euro\n  <\/td><td>\n  20 Euro\n  <\/td><\/tr><tr><td>\n  n\u00e4chste Beratungs-stellen\n  <\/td><td>\n  Karl-Kunger-Str. 55:\n  <\/td><td>\n  Bahnhofstra\u00dfe 5 (S-Bahnhof K\u00f6penick)\n  <\/td><td>\n  Karl-Marx-Stra\u00dfe 51 (Neuk\u00f6lln)\n  <\/td><td>\n  Reckling-hausen \/ Ruhrgebiet\n  <\/td><\/tr><tr><td><\/td><\/tr><tr><td>\n  Fr, 18 \u2013 19 Uhr \n  <\/td><\/tr><tr><td>\n  Wartefrist Prozesskosten-versicherung\n  <\/td><td>\n  1 Monat\n  <\/td><td>\n  3 Monate\n  <\/td><td>\n  6 Wochen (WENN diese abge-schlossen wurde)\n  <\/td><td>\n  Kein Angebot\n  <\/td><\/tr><tr><td>\n  Sonstiges\n  <\/td><td>\n  Auch Sozialberatung \/ f\u00fcr Arbeitslose!\n  <\/td><td><\/td><td><\/td><td><\/td><\/tr><\/tbody><\/table><\/figure>\n","protected":false},"excerpt":{"rendered":"<p>Milieuschutz in Alt-Treptow Initiativenforum Stadtpolitik Berlin Kostenlose Mieterberatung in Alt-Treptow jeden Mittwoch von 17:00 bis 19:00 Uhr in den R\u00e4umen der Galerie Kungerkiez, Karl-Kunger-Stra\u00dfe 15, 12435 Berlin \u00dcbersicht \u00fcber Mieterschutzvereine Wir empfehlen dringend, umgehend einer Mieterschutzinstitution beizutreten. Dabei sollte auch die von der jeweiligen Organisation angebotene Rechtsschutz- bzw. Prozesskostenversicherung abgeschlossen werden. Und zwar auch dann, &hellip; <a href=\"http:\/\/alt-treptow.xn--sozialbndnis-jlb.de\/?page_id=476\" class=\"more-link\"><span class=\"screen-reader-text\">&#8222;Links + Infos&#8220; <\/span>weiterlesen<\/a><\/p>\n","protected":false},"author":1,"featured_media":0,"parent":0,"menu_order":0,"comment_status":"closed","ping_status":"closed","template":"","meta":{"footnotes":""},"class_list":["post-476","page","type-page","status-publish","hentry"],"_links":{"self":[{"href":"http:\/\/alt-treptow.xn--sozialbndnis-jlb.de\/index.php?rest_route=\/wp\/v2\/pages\/476","targetHints":{"allow":["GET"]}}],"collection":[{"href":"http:\/\/alt-treptow.xn--sozialbndnis-jlb.de\/index.php?rest_route=\/wp\/v2\/pages"}],"about":[{"href":"http:\/\/alt-treptow.xn--sozialbndnis-jlb.de\/index.php?rest_route=\/wp\/v2\/types\/page"}],"author":[{"embeddable":true,"href":"http:\/\/alt-treptow.xn--sozialbndnis-jlb.de\/index.php?rest_route=\/wp\/v2\/users\/1"}],"replies":[{"embeddable":true,"href":"http:\/\/alt-treptow.xn--sozialbndnis-jlb.de\/index.php?rest_route=%2Fwp%2Fv2%2Fcomments&post=476"}],"version-history":[{"count":6,"href":"http:\/\/alt-treptow.xn--sozialbndnis-jlb.de\/index.php?rest_route=\/wp\/v2\/pages\/476\/revisions"}],"predecessor-version":[{"id":628,"href":"http:\/\/alt-treptow.xn--sozialbndnis-jlb.de\/index.php?rest_route=\/wp\/v2\/pages\/476\/revisions\/628"}],"wp:attachment":[{"href":"http:\/\/alt-treptow.xn--sozialbndnis-jlb.de\/index.php?rest_route=%2Fwp%2Fv2%2Fmedia&parent=476"}],"curies":[{"name":"wp","href":"https:\/\/api.w.org\/{rel}","templated":true}]}}