{"id":60,"date":"2016-08-07T15:03:01","date_gmt":"2016-08-07T13:03:01","guid":{"rendered":"http:\/\/alt-treptow.xn--sozialbndnis-jlb.de\/?page_id=60"},"modified":"2016-08-07T15:03:01","modified_gmt":"2016-08-07T13:03:01","slug":"ueber-uns","status":"publish","type":"page","link":"http:\/\/alt-treptow.xn--sozialbndnis-jlb.de\/?page_id=60","title":{"rendered":"\u00dcber uns"},"content":{"rendered":"<h1>Gr\u00fcndungserkl\u00e4rung Sozialb\u00fcndnis Alt-Treptow<\/h1>\n<p>&nbsp;<\/p>\n<p>Auch im Kunger Kiez geht die Schere zwischen armen und verm\u00f6genderen Bewohnern immer weiter auseinander. Steigende Lebenshaltungskosten, vor allem bei Mieten und Energie, erh\u00f6hen den finanziellen Druck auf immer mehr Mitbewohner im Kiez. Nicht alle schwierigen Lebenslagen sind auf den ersten Blick sichtbar. In Gespr\u00e4chen zwischen Bewohnern des Kiezes und im Kontakt mit sozialen Einrichtungen wird die schwierige Situation vieler der hier lebenden Menschen deutlich. Die Sorge durch prek\u00e4re und ungesch\u00fctzte Arbeitsverh\u00e4ltnisse in wirtschaftliche Notsitutionen zu geraten, bedroht die Mehrheit der Bev\u00f6lkerung. Auch in unserem Kiez.<\/p>\n<p>Mitarbeiter der Jugendeinrichtungen des Kiezes erz\u00e4hlen von Eltern, die sich f\u00fcr ihre Kinder die Ferienreise der Jugendeinrichtung nicht mehr leisten k\u00f6nnen. Die Einrichtungen selbst sind bei jeder neuen Aufstellung bezirklicher Haushalte durch K\u00fcrzung oder Einstellung der F\u00f6rderung bedroht.<br \/>\nUm die Interessen der Bewohner und Bewohnerinnen gegen\u00fcber politsch Verantwortlichen zu vertreten und weitere Verschlechterungen zu verhindern, wollen wir in Alt-Treptow ein Sozialb\u00fcndnis gr\u00fcnden. Wir sehen folgende Handlungsschwerpunkte:<\/p>\n<ul>\n<li>Wir wollen Informationen \u00fcber Planungen des Bezirkes, die den Kiez betreffen , einfordern und im Kiez \u00f6ffentlich machen<\/li>\n<li>Wir wollen unsere Kompetenz und Erfahrung in Planungsprozesse einbringen<\/li>\n<li>Wir wollen gegenseitige Unterst\u00fctzung in schwierigen Lebenslagen organisieren<\/li>\n<li>Wir wollen Alltagsnetzwerke und Solidarit\u00e4t untereinander st\u00e4rken<\/li>\n<\/ul>\n<p>Konkrete Aktionen des B\u00fcndnis k\u00f6nnten z.B. die Ausrichtung einer kulturellen Veranstaltung zur Finanzierung von Kinderferienreisen sein oder die Durchf\u00fchrung eines Kiezfestes mit sozialpolitischem Charakter oder ein gemeinsames, solidarisches Kiezessen oder &#8230;<\/p>\n","protected":false},"excerpt":{"rendered":"<p>Gr\u00fcndungserkl\u00e4rung Sozialb\u00fcndnis Alt-Treptow &nbsp; Auch im Kunger Kiez geht die Schere zwischen armen und verm\u00f6genderen Bewohnern immer weiter auseinander. Steigende Lebenshaltungskosten, vor allem bei Mieten und Energie, erh\u00f6hen den finanziellen Druck auf immer mehr Mitbewohner im Kiez. Nicht alle schwierigen Lebenslagen sind auf den ersten Blick sichtbar. In Gespr\u00e4chen zwischen Bewohnern des Kiezes und im &hellip; <a href=\"http:\/\/alt-treptow.xn--sozialbndnis-jlb.de\/?page_id=60\" class=\"more-link\"><span class=\"screen-reader-text\">&#8222;\u00dcber uns&#8220; <\/span>weiterlesen<\/a><\/p>\n","protected":false},"author":4,"featured_media":0,"parent":0,"menu_order":0,"comment_status":"closed","ping_status":"closed","template":"","meta":{"footnotes":""},"class_list":["post-60","page","type-page","status-publish","hentry"],"_links":{"self":[{"href":"http:\/\/alt-treptow.xn--sozialbndnis-jlb.de\/index.php?rest_route=\/wp\/v2\/pages\/60","targetHints":{"allow":["GET"]}}],"collection":[{"href":"http:\/\/alt-treptow.xn--sozialbndnis-jlb.de\/index.php?rest_route=\/wp\/v2\/pages"}],"about":[{"href":"http:\/\/alt-treptow.xn--sozialbndnis-jlb.de\/index.php?rest_route=\/wp\/v2\/types\/page"}],"author":[{"embeddable":true,"href":"http:\/\/alt-treptow.xn--sozialbndnis-jlb.de\/index.php?rest_route=\/wp\/v2\/users\/4"}],"replies":[{"embeddable":true,"href":"http:\/\/alt-treptow.xn--sozialbndnis-jlb.de\/index.php?rest_route=%2Fwp%2Fv2%2Fcomments&post=60"}],"version-history":[{"count":1,"href":"http:\/\/alt-treptow.xn--sozialbndnis-jlb.de\/index.php?rest_route=\/wp\/v2\/pages\/60\/revisions"}],"predecessor-version":[{"id":62,"href":"http:\/\/alt-treptow.xn--sozialbndnis-jlb.de\/index.php?rest_route=\/wp\/v2\/pages\/60\/revisions\/62"}],"wp:attachment":[{"href":"http:\/\/alt-treptow.xn--sozialbndnis-jlb.de\/index.php?rest_route=%2Fwp%2Fv2%2Fmedia&parent=60"}],"curies":[{"name":"wp","href":"https:\/\/api.w.org\/{rel}","templated":true}]}}